{"id":22134,"date":"2019-10-11T12:00:15","date_gmt":"2019-10-11T12:00:15","guid":{"rendered":"https:\/\/luxuryroses.ee\/edasimuujad\/"},"modified":"2023-03-07T09:01:32","modified_gmt":"2023-03-07T09:01:32","slug":"mesta_prodaz","status":"publish","type":"page","link":"https:\/\/luxuryroses.ee\/ru\/mesta_prodaz\/","title":{"rendered":"\u041c\u0435\u0441\u0442\u0430 \u043f\u0440\u043e\u0434\u0430\u0436"},"content":{"rendered":"<div id=\"cmsmasters_row_j016rpn3\" class=\"cmsmasters_row cmsmasters_color_scheme_default cmsmasters_row_top_default cmsmasters_row_bot_default cmsmasters_row_boxed\">\n<div class=\"cmsmasters_row_outer_parent\">\n<div class=\"cmsmasters_row_outer\">\n<div class=\"cmsmasters_row_inner\">\n<div class=\"cmsmasters_row_margin\">\n<div id=\"cmsmasters_column_ceyynlfc6\" class=\"cmsmasters_column one_first\">\n<div class=\"cmsmasters_column_inner\"><div class=\"cmsmasters_text\" data-animation=\"fadeIn\" data-delay=\"1\">\n<h3>Soovid hakata meie toodete edasim\u00fc\u00fcjaks? Kirjuta: <a href=\"mailto:info@luxuryroses.ee\">info@luxuryroses.ee<\/a> ja v\u00f5tame teiega \u00fchendust.<\/h3>\n<h4><\/h4>\n<p>&nbsp;<\/p>\n<h3><strong>MEIE TOOTED LEIAD:<\/strong><\/h3>\n<h3><\/h3>\n<h4><strong>TALLINN<br \/>\n<\/strong><\/h4>\n<ul>\n<li>SUPER SKYPARK KINGIPOOD\u00a0 Kaubanduskeskus T1 neljas korrus, Peterburi tee 2 Tallinn 11415<\/li>\n<li>LILLEOUTLET Saku 8, Tallinn<\/li>\n<\/ul>\n<h4><strong>RAPLAMAA<\/strong><\/h4>\n<ul>\n<li>COOP Jaama Konsum Viljandi mnt. 126 Rapla 79514 Rapla maakond<\/li>\n<li>COOP Kaiu Konsum, Kasvandu tee 18a Kaiu 79301 Rapla<\/li>\n<li>COOP Kohila Konsum L\u00f5una 2 Kohila 79801 Raplamaa<\/li>\n<li>COOP Kandi Konsum Tallinna mnt. 37J\u00e4rvakandi alevik, Kehtna vald 79101 Rapla maakond<\/li>\n<li>COOP Kehtna Konsum Lasteaia 12 Kehtna 79001 Raplamaa<\/li>\n<li>COOP M\u00e4rjamaa Konsum, P\u00e4rnu mnt 62, M\u00e4rjamaa, 78304 Rapla maakond<\/li>\n<li>COOP Rapla Konsum Tallinna mnt 16 Rapla 79513 Rapla maakond<\/li>\n<li>Tiina Lilleaed, P\u00e4rnu mnt 45, M\u00e4rjamaa, 78301 Rapla maakond, Avatud: E \u2013 L 10:00 \u2013 18:00<\/li>\n<li>Rapla \u00d6\u00f6klubi Madhouse, Kauba 2, Rapla, 79513 Rapla maakond<\/li>\n<\/ul>\n<p>&nbsp;<\/p>\n<h4><strong>HAAPASALU<\/strong><\/h4>\n<ul>\n<li>Haapsalu lillepood LILLERAND O\u00dc, Rannarootsi \u00c4rikeskus, Rannarootsi tee 1, Uuem\u00f5isa, 90404 L\u00e4\u00e4ne maakond, E \u2013 L 10 \u2013 19.00, P 10 \u2013 18.00<\/li>\n<\/ul>\n<h4><\/h4>\n<p>&nbsp;<\/p>\n<h4><strong>P\u00c4RNUMAA<\/strong><\/h4>\n<ul>\n<li>Manni \u00c4ri O\u00dc, Kesk 8a, Tootsi, 87501 P\u00e4rnu maakond<\/li>\n<li>Forendum, P\u00e4rnu Keskus Aida 7\/Lai 5<\/li>\n<li>Tudor Rose P\u00e4rnu, Haapsalu mnt 37<\/li>\n<li>Lillekeskus, P\u00e4rnu, Riia mnt 199<\/li>\n<\/ul>\n<p>&nbsp;<\/p>\n<h4><strong>TARTU<\/strong><\/h4>\n<ul>\n<li>KINGITUSTE KIIRABI, Tartu L\u00f5unakeskus, 2. sissep\u00e4\u00e4su juures , Ringtee 75, Tartu, E-P 10-21<\/li>\n<li>LIISU LILLED, V\u00f5ru 55, Tartu 50111<\/li>\n<\/ul>\n<p>&nbsp;<\/p>\n<p>&nbsp;<\/p>\n<p>&nbsp;<\/p>\n<h3><strong>\u00c4RIKLIENDILE:<\/strong><\/h3>\n<p><strong>Uinuvad roosid ettev\u00f5tte t\u00f6\u00f6tajatele t\u00e4htp\u00e4evadeks<\/strong><\/p>\n<p><strong>\u00a0<\/strong>Valikus on palju erinevaid v\u00e4rve varrel roose ja roosikarpe.<\/p>\n<p>Uinuvad roosid p\u00fcsivad kaunid pikka aega ning on muljetavaldav firmakink ettev\u00f5tetele kes soovivad millegi erilisemaga oma t\u00f6\u00f6tajaid meeles pidada.<\/p>\n<p><strong>Kingituseks \u00e4ripartneritele\u00a0<\/strong><\/p>\n<p>Miks mitte kinkida midagi p\u00fcsivat ja meeldej\u00e4\u00e4vat oma \u00e4ripartneritele. Saame tellimuse mugavalt ja kiirelt kulleriga sihtkohta toimetada.<\/p>\n<p><strong>Kaunistuseks \u00fcritustele \u2013 pulmad, konverentsid, seminarid jm<\/strong><\/p>\n<p><strong>Sisekujunduseks kontorisse, restorani v\u00f5i firma esinduruumidesse<\/strong><\/p>\n<p><strong>\u00a0<\/strong><\/p>\n<p><strong>Soovi korral v\u00f5ta julgesti \u00fchendust ja paneme plaani paika!<\/strong><\/p>\n<\/div>\n<\/div><\/div>\n<\/div>\n<\/div>\n<\/div>\n<\/div>\n<\/div>\n\n","protected":false},"excerpt":{"rendered":"","protected":false},"author":1,"featured_media":0,"parent":0,"menu_order":0,"comment_status":"closed","ping_status":"closed","template":"","meta":{"footnotes":""},"class_list":["post-22134","page","type-page","status-publish","hentry"],"yoast_head":"<!-- This site is optimized with the Yoast SEO plugin v25.7 - https:\/\/yoast.com\/wordpress\/plugins\/seo\/ -->\n<title>\u041c\u0435\u0441\u0442\u0430 \u043f\u0440\u043e\u0434\u0430\u0436 - LuxuryRoses<\/title>\n<meta name=\"robots\" content=\"index, follow, max-snippet:-1, max-image-preview:large, max-video-preview:-1\" \/>\n<link rel=\"canonical\" href=\"https:\/\/luxuryroses.ee\/ru\/mesta_prodaz\/\" \/>\n<meta property=\"og:locale\" content=\"ru_RU\" \/>\n<meta property=\"og:type\" content=\"article\" \/>\n<meta property=\"og:title\" content=\"\u041c\u0435\u0441\u0442\u0430 \u043f\u0440\u043e\u0434\u0430\u0436 - LuxuryRoses\" \/>\n<meta property=\"og:url\" content=\"https:\/\/luxuryroses.ee\/ru\/mesta_prodaz\/\" \/>\n<meta property=\"og:site_name\" content=\"LuxuryRoses\" \/>\n<meta property=\"article:modified_time\" content=\"2023-03-07T09:01:32+00:00\" \/>\n<meta name=\"twitter:card\" content=\"summary_large_image\" \/>\n<meta name=\"twitter:label1\" content=\"\u041f\u0440\u0438\u043c\u0435\u0440\u043d\u043e\u0435 \u0432\u0440\u0435\u043c\u044f \u0434\u043b\u044f \u0447\u0442\u0435\u043d\u0438\u044f\" \/>\n\t<meta name=\"twitter:data1\" content=\"1 \u043c\u0438\u043d\u0443\u0442\u0430\" \/>\n<script type=\"application\/ld+json\" class=\"yoast-schema-graph\">{\"@context\":\"https:\/\/schema.org\",\"@graph\":[{\"@type\":\"WebPage\",\"@id\":\"https:\/\/luxuryroses.ee\/ru\/mesta_prodaz\/\",\"url\":\"https:\/\/luxuryroses.ee\/ru\/mesta_prodaz\/\",\"name\":\"\u041c\u0435\u0441\u0442\u0430 \u043f\u0440\u043e\u0434\u0430\u0436 - LuxuryRoses\",\"isPartOf\":{\"@id\":\"https:\/\/luxuryroses.ee\/#website\"},\"datePublished\":\"2019-10-11T12:00:15+00:00\",\"dateModified\":\"2023-03-07T09:01:32+00:00\",\"breadcrumb\":{\"@id\":\"https:\/\/luxuryroses.ee\/ru\/mesta_prodaz\/#breadcrumb\"},\"inLanguage\":\"ru-RU\",\"potentialAction\":[{\"@type\":\"ReadAction\",\"target\":[\"https:\/\/luxuryroses.ee\/ru\/mesta_prodaz\/\"]}]},{\"@type\":\"BreadcrumbList\",\"@id\":\"https:\/\/luxuryroses.ee\/ru\/mesta_prodaz\/#breadcrumb\",\"itemListElement\":[{\"@type\":\"ListItem\",\"position\":1,\"name\":\"Home\",\"item\":\"https:\/\/luxuryroses.ee\/ru\/\"},{\"@type\":\"ListItem\",\"position\":2,\"name\":\"\u041c\u0435\u0441\u0442\u0430 \u043f\u0440\u043e\u0434\u0430\u0436\"}]},{\"@type\":\"WebSite\",\"@id\":\"https:\/\/luxuryroses.ee\/#website\",\"url\":\"https:\/\/luxuryroses.ee\/\",\"name\":\"LuxuryRoses\",\"description\":\"Kauas\u00e4ilivad roosid\",\"potentialAction\":[{\"@type\":\"SearchAction\",\"target\":{\"@type\":\"EntryPoint\",\"urlTemplate\":\"https:\/\/luxuryroses.ee\/?s={search_term_string}\"},\"query-input\":{\"@type\":\"PropertyValueSpecification\",\"valueRequired\":true,\"valueName\":\"search_term_string\"}}],\"inLanguage\":\"ru-RU\"}]}<\/script>\n<!-- \/ Yoast SEO plugin. -->","yoast_head_json":{"title":"\u041c\u0435\u0441\u0442\u0430 \u043f\u0440\u043e\u0434\u0430\u0436 - LuxuryRoses","robots":{"index":"index","follow":"follow","max-snippet":"max-snippet:-1","max-image-preview":"max-image-preview:large","max-video-preview":"max-video-preview:-1"},"canonical":"https:\/\/luxuryroses.ee\/ru\/mesta_prodaz\/","og_locale":"ru_RU","og_type":"article","og_title":"\u041c\u0435\u0441\u0442\u0430 \u043f\u0440\u043e\u0434\u0430\u0436 - LuxuryRoses","og_url":"https:\/\/luxuryroses.ee\/ru\/mesta_prodaz\/","og_site_name":"LuxuryRoses","article_modified_time":"2023-03-07T09:01:32+00:00","twitter_card":"summary_large_image","twitter_misc":{"\u041f\u0440\u0438\u043c\u0435\u0440\u043d\u043e\u0435 \u0432\u0440\u0435\u043c\u044f \u0434\u043b\u044f \u0447\u0442\u0435\u043d\u0438\u044f":"1 \u043c\u0438\u043d\u0443\u0442\u0430"},"schema":{"@context":"https:\/\/schema.org","@graph":[{"@type":"WebPage","@id":"https:\/\/luxuryroses.ee\/ru\/mesta_prodaz\/","url":"https:\/\/luxuryroses.ee\/ru\/mesta_prodaz\/","name":"\u041c\u0435\u0441\u0442\u0430 \u043f\u0440\u043e\u0434\u0430\u0436 - LuxuryRoses","isPartOf":{"@id":"https:\/\/luxuryroses.ee\/#website"},"datePublished":"2019-10-11T12:00:15+00:00","dateModified":"2023-03-07T09:01:32+00:00","breadcrumb":{"@id":"https:\/\/luxuryroses.ee\/ru\/mesta_prodaz\/#breadcrumb"},"inLanguage":"ru-RU","potentialAction":[{"@type":"ReadAction","target":["https:\/\/luxuryroses.ee\/ru\/mesta_prodaz\/"]}]},{"@type":"BreadcrumbList","@id":"https:\/\/luxuryroses.ee\/ru\/mesta_prodaz\/#breadcrumb","itemListElement":[{"@type":"ListItem","position":1,"name":"Home","item":"https:\/\/luxuryroses.ee\/ru\/"},{"@type":"ListItem","position":2,"name":"\u041c\u0435\u0441\u0442\u0430 \u043f\u0440\u043e\u0434\u0430\u0436"}]},{"@type":"WebSite","@id":"https:\/\/luxuryroses.ee\/#website","url":"https:\/\/luxuryroses.ee\/","name":"LuxuryRoses","description":"Kauas\u00e4ilivad roosid","potentialAction":[{"@type":"SearchAction","target":{"@type":"EntryPoint","urlTemplate":"https:\/\/luxuryroses.ee\/?s={search_term_string}"},"query-input":{"@type":"PropertyValueSpecification","valueRequired":true,"valueName":"search_term_string"}}],"inLanguage":"ru-RU"}]}},"_links":{"self":[{"href":"https:\/\/luxuryroses.ee\/ru\/wp-json\/wp\/v2\/pages\/22134","targetHints":{"allow":["GET"]}}],"collection":[{"href":"https:\/\/luxuryroses.ee\/ru\/wp-json\/wp\/v2\/pages"}],"about":[{"href":"https:\/\/luxuryroses.ee\/ru\/wp-json\/wp\/v2\/types\/page"}],"author":[{"embeddable":true,"href":"https:\/\/luxuryroses.ee\/ru\/wp-json\/wp\/v2\/users\/1"}],"replies":[{"embeddable":true,"href":"https:\/\/luxuryroses.ee\/ru\/wp-json\/wp\/v2\/comments?post=22134"}],"version-history":[{"count":4,"href":"https:\/\/luxuryroses.ee\/ru\/wp-json\/wp\/v2\/pages\/22134\/revisions"}],"predecessor-version":[{"id":30808,"href":"https:\/\/luxuryroses.ee\/ru\/wp-json\/wp\/v2\/pages\/22134\/revisions\/30808"}],"wp:attachment":[{"href":"https:\/\/luxuryroses.ee\/ru\/wp-json\/wp\/v2\/media?parent=22134"}],"curies":[{"name":"wp","href":"https:\/\/api.w.org\/{rel}","templated":true}]}}